{"id":134,"date":"2023-07-09T00:25:53","date_gmt":"2023-07-08T22:25:53","guid":{"rendered":"http:\/\/isotecpl.minuano.usermd.net\/homepage\/"},"modified":"2023-07-31T13:28:03","modified_gmt":"2023-07-31T11:28:03","slug":"homepage","status":"publish","type":"page","link":"https:\/\/www.sf-isolierung.de\/pl\/","title":{"rendered":"homepage"},"content":{"rendered":"<section class=\"l-section wpb_row us_custom_5cd26a65 height_medium full_height valign_center with_img parallax_ver\"><div class=\"l-section-img\" role=\"img\" data-img-width=\"1922\" data-img-height=\"1152\" style=\"background-image: url(https:\/\/www.sf-isolierung.de\/wp-content\/uploads\/2023\/07\/header-bg2.webp);background-repeat: no-repeat;\"><\/div><div class=\"l-section-h i-cf\"><div class=\"g-cols vc_row via_grid cols_1 laptops-cols_inherit tablets-cols_inherit mobiles-cols_1 valign_middle type_default stacking_default\"><div class=\"wpb_column vc_column_container\"><div class=\"vc_column-inner\"><div class=\"w-image us_custom_49c2d9e8 align_none\"><div url class=\"w-image-h\"><img decoding=\"async\" src=\"https:\/\/www.sf-isolierung.de\/wp-content\/uploads\/2023\/07\/arrow_down.svg\" class=\"attachment-full size-full\" alt=\"\" \/><\/div><\/div><h1 class=\"w-text us_custom_07468706 has_text_color\"><span url class=\"w-text-h\"><span class=\"w-text-value\">SKUTECZNA TERMOIZOLACJA!<\/span><\/span><\/h1><div class=\"w-text us_custom_2d63c9a0 has_text_color\"><span url class=\"w-text-h\"><span class=\"w-text-value\">Podnie\u015b warto\u015b\u0107 swojego domu.<\/span><\/span><\/div><div class=\"w-btn-wrapper align_center\"><a class=\"w-btn us-btn-style_3\" href=\"#kontakt\"><span class=\"w-btn-label\">KONTAKT<\/span><\/a><\/div><div class=\"w-separator size_custom\" style=\"height:40px\"><\/div><div class=\"g-cols wpb_row us_custom_31963582 via_grid cols_3 laptops-cols_inherit tablets-cols_inherit mobiles-cols_1 valign_middle type_default stacking_default\"><div class=\"wpb_column vc_column_container\"><div class=\"vc_column-inner\"><div class=\"w-image us_custom_439390a6 align_center\"><div url class=\"w-image-h\"><img loading=\"lazy\" decoding=\"async\" width=\"265\" height=\"265\" src=\"https:\/\/www.sf-isolierung.de\/wp-content\/uploads\/2023\/07\/circle1.webp\" class=\"attachment-large size-large\" alt=\"\" srcset=\"https:\/\/www.sf-isolierung.de\/wp-content\/uploads\/2023\/07\/circle1.webp 265w, https:\/\/www.sf-isolierung.de\/wp-content\/uploads\/2023\/07\/circle1-150x150.webp 150w\" sizes=\"auto, (max-width: 265px) 100vw, 265px\" \/><\/div><\/div><\/div><\/div><div class=\"wpb_column vc_column_container\"><div class=\"vc_column-inner\"><div class=\"w-image us_custom_439390a6 align_center\"><div url class=\"w-image-h\"><img loading=\"lazy\" decoding=\"async\" width=\"265\" height=\"265\" src=\"https:\/\/www.sf-isolierung.de\/wp-content\/uploads\/2023\/07\/circle2.webp\" class=\"attachment-large size-large\" alt=\"\" srcset=\"https:\/\/www.sf-isolierung.de\/wp-content\/uploads\/2023\/07\/circle2.webp 265w, https:\/\/www.sf-isolierung.de\/wp-content\/uploads\/2023\/07\/circle2-150x150.webp 150w\" sizes=\"auto, (max-width: 265px) 100vw, 265px\" \/><\/div><\/div><\/div><\/div><div class=\"wpb_column vc_column_container\"><div class=\"vc_column-inner\"><div class=\"w-image us_custom_439390a6 align_center\"><div url class=\"w-image-h\"><img loading=\"lazy\" decoding=\"async\" width=\"265\" height=\"265\" src=\"https:\/\/www.sf-isolierung.de\/wp-content\/uploads\/2023\/07\/circle3.webp\" class=\"attachment-large size-large\" alt=\"\" srcset=\"https:\/\/www.sf-isolierung.de\/wp-content\/uploads\/2023\/07\/circle3.webp 265w, https:\/\/www.sf-isolierung.de\/wp-content\/uploads\/2023\/07\/circle3-150x150.webp 150w\" sizes=\"auto, (max-width: 265px) 100vw, 265px\" \/><\/div><\/div><\/div><\/div><\/div><\/div><\/div><\/div><\/div><\/section><section class=\"l-section wpb_row height_medium\" id=\"uslugi\"><div class=\"l-section-h i-cf\"><div class=\"g-cols vc_row via_grid cols_1 laptops-cols_inherit tablets-cols_inherit mobiles-cols_1 valign_top type_default stacking_default\"><div class=\"wpb_column vc_column_container\"><div class=\"vc_column-inner\"><h2 class=\"w-text us_custom_4b7d2719 has_text_color\"><span url class=\"w-text-h\"><span class=\"w-text-value\">Zakres dzia\u0142alno\u015bci<\/span><\/span><\/h2><div class=\"wpb_text_column us_custom_eb849559\"><div class=\"wpb_wrapper\"><p>Zbyt wysokie koszty ogrzewania? Zimne \u015bciany wewn\u0119trzne? Rozw\u00f3j ple\u015bni na \u015bcianach? Nieprzyjemne przeci\u0105gi w domu? Szybkie nagrzewanie domu latem i szybkie wych\u0142adzanie zim\u0105?<\/p>\n<p>Znasz te problemy?<br \/>\nMamy dla Ciebie rozwi\u0105zanie!<br \/>\n<strong>Termoizolacja metod\u0105 wdmuchiwania.<\/strong><\/p>\n<\/div><\/div><\/div><\/div><\/div><\/div><\/section><section class=\"l-section wpb_row height_medium\"><div class=\"l-section-h i-cf\"><div class=\"g-cols vc_row via_grid cols_1 laptops-cols_inherit tablets-cols_inherit mobiles-cols_1 valign_top type_default stacking_default\"><div class=\"wpb_column vc_column_container\"><div class=\"vc_column-inner\"><h2 class=\"w-text us_custom_4b7d2719 has_text_color\"><span url class=\"w-text-h\"><span class=\"w-text-value\">Zalety izolacji rdzenia \/ izolacji \u015bcian szczelinowych (warstwowych)<\/span><\/span><\/h2><div class=\"g-cols wpb_row us_custom_802e1e14 via_grid cols_4 laptops-cols_inherit tablets-cols_inherit mobiles-cols_1 valign_top type_default stacking_default\"><div class=\"wpb_column vc_column_container\"><div class=\"vc_column-inner\"><div class=\"w-iconbox iconpos_top style_default color_primary align_center no_title icontype_img\"><div class=\"w-iconbox-icon\" style=\"font-size:20px;\"><?xml version=\"1.0\" encoding=\"UTF-8\" standalone=\"no\"?><!DOCTYPE svg PUBLIC \"-\/\/W3C\/\/DTD SVG 1.1\/\/EN\" \"http:\/\/www.w3.org\/Graphics\/SVG\/1.1\/DTD\/svg11.dtd\"><svg width=\"100%\" height=\"100%\" viewBox=\"0 0 25 25\" version=\"1.1\" xmlns=\"http:\/\/www.w3.org\/2000\/svg\" xmlns:xlink=\"http:\/\/www.w3.org\/1999\/xlink\" xml:space=\"preserve\" xmlns:serif=\"http:\/\/www.serif.com\/\" style=\"fill-rule:evenodd;clip-rule:evenodd;stroke-linejoin:round;stroke-miterlimit:2;\"><path d=\"M12.375,24.75l12.375,-24.75l-24.75,0l12.375,24.75Z\" style=\"fill:#232424;\"\/><\/svg><\/div><div class=\"w-iconbox-meta\"><div class=\"w-iconbox-text\"><p>Termoizolacja metod\u0105 wdmuchiwania zauwa\u017calnie poprawia warunki \u017cycia.<\/p>\n<\/div><\/div><\/div><\/div><\/div><div class=\"wpb_column vc_column_container\"><div class=\"vc_column-inner\"><div class=\"w-iconbox iconpos_top style_default color_primary align_center no_title icontype_img\"><div class=\"w-iconbox-icon\" style=\"font-size:20px;\"><?xml version=\"1.0\" encoding=\"UTF-8\" standalone=\"no\"?><!DOCTYPE svg PUBLIC \"-\/\/W3C\/\/DTD SVG 1.1\/\/EN\" \"http:\/\/www.w3.org\/Graphics\/SVG\/1.1\/DTD\/svg11.dtd\"><svg width=\"100%\" height=\"100%\" viewBox=\"0 0 25 25\" version=\"1.1\" xmlns=\"http:\/\/www.w3.org\/2000\/svg\" xmlns:xlink=\"http:\/\/www.w3.org\/1999\/xlink\" xml:space=\"preserve\" xmlns:serif=\"http:\/\/www.serif.com\/\" style=\"fill-rule:evenodd;clip-rule:evenodd;stroke-linejoin:round;stroke-miterlimit:2;\"><path d=\"M12.375,24.75l12.375,-24.75l-24.75,0l12.375,24.75Z\" style=\"fill:#232424;\"\/><\/svg><\/div><div class=\"w-iconbox-meta\"><div class=\"w-iconbox-text\"><p>Wzrost komfortu mieszkania dzi\u0119ki dociepleniu rdzenia.<\/p>\n<\/div><\/div><\/div><\/div><\/div><div class=\"wpb_column vc_column_container\"><div class=\"vc_column-inner\"><div class=\"w-iconbox iconpos_top style_default color_primary align_center no_title icontype_img\"><div class=\"w-iconbox-icon\" style=\"font-size:20px;\"><?xml version=\"1.0\" encoding=\"UTF-8\" standalone=\"no\"?><!DOCTYPE svg PUBLIC \"-\/\/W3C\/\/DTD SVG 1.1\/\/EN\" \"http:\/\/www.w3.org\/Graphics\/SVG\/1.1\/DTD\/svg11.dtd\"><svg width=\"100%\" height=\"100%\" viewBox=\"0 0 25 25\" version=\"1.1\" xmlns=\"http:\/\/www.w3.org\/2000\/svg\" xmlns:xlink=\"http:\/\/www.w3.org\/1999\/xlink\" xml:space=\"preserve\" xmlns:serif=\"http:\/\/www.serif.com\/\" style=\"fill-rule:evenodd;clip-rule:evenodd;stroke-linejoin:round;stroke-miterlimit:2;\"><path d=\"M12.375,24.75l12.375,-24.75l-24.75,0l12.375,24.75Z\" style=\"fill:#232424;\"\/><\/svg><\/div><div class=\"w-iconbox-meta\"><div class=\"w-iconbox-text\"><p>Redukcja koszt\u00f3w ogrzewania do 15%.<\/p>\n<\/div><\/div><\/div><\/div><\/div><div class=\"wpb_column vc_column_container\"><div class=\"vc_column-inner\"><div class=\"w-iconbox iconpos_top style_default color_primary align_center no_title icontype_img\"><div class=\"w-iconbox-icon\" style=\"font-size:20px;\"><?xml version=\"1.0\" encoding=\"UTF-8\" standalone=\"no\"?><!DOCTYPE svg PUBLIC \"-\/\/W3C\/\/DTD SVG 1.1\/\/EN\" \"http:\/\/www.w3.org\/Graphics\/SVG\/1.1\/DTD\/svg11.dtd\"><svg width=\"100%\" height=\"100%\" viewBox=\"0 0 25 25\" version=\"1.1\" xmlns=\"http:\/\/www.w3.org\/2000\/svg\" xmlns:xlink=\"http:\/\/www.w3.org\/1999\/xlink\" xml:space=\"preserve\" xmlns:serif=\"http:\/\/www.serif.com\/\" style=\"fill-rule:evenodd;clip-rule:evenodd;stroke-linejoin:round;stroke-miterlimit:2;\"><path d=\"M12.375,24.75l12.375,-24.75l-24.75,0l12.375,24.75Z\" style=\"fill:#232424;\"\/><\/svg><\/div><div class=\"w-iconbox-meta\"><div class=\"w-iconbox-text\"><p>Niskie koszty inwestycji w por\u00f3wnaniu z innymi metodami termoizolacji.<\/p>\n<\/div><\/div><\/div><\/div><\/div><\/div><\/div><\/div><\/div><\/div><\/section><section class=\"l-section wpb_row height_medium with_img\"><div class=\"l-section-img\" role=\"img\" data-img-width=\"2296\" data-img-height=\"1622\" style=\"background-image: url(https:\/\/www.sf-isolierung.de\/wp-content\/uploads\/2023\/07\/bg.webp);background-repeat: no-repeat;\"><\/div><div class=\"l-section-h i-cf\"><div class=\"g-cols vc_row via_grid cols_1 laptops-cols_inherit tablets-cols_inherit mobiles-cols_1 valign_top type_default stacking_default\"><div class=\"wpb_column vc_column_container\"><div class=\"vc_column-inner\"><div class=\"g-cols wpb_row via_grid cols_2 laptops-cols_inherit tablets-cols_inherit mobiles-cols_1 valign_middle type_default stacking_default\"><div class=\"wpb_column vc_column_container\"><div class=\"vc_column-inner\"><div class=\"wpb_text_column us_custom_e9b51e5c has_text_color\"><div class=\"wpb_wrapper\"><p>W przypadku termoizolacji metod\u0105 wdmuchiwania pusta przestrze\u0144 w murze zostaje ca\u0142kowicie wype\u0142niona materia\u0142em izolacyjnym. Odbywa si\u0119 to pod ci\u015bnieniem ok. 0,25-0,5 bara przez ma\u0142e otwory wykonywane w \u015bcianie zewn\u0119trznej muru. W domu jednorodzinnym proces ten trwa zwykle nie d\u0142u\u017cej ni\u017c jeden dzie\u0144 i nie wymaga rozk\u0142adania \u017cadnego rusztowania. Prace termoizolacyjne nie zak\u0142\u00f3caj\u0105 zatem w \u017caden spos\u00f3b codziennego \u017cycia.<\/p>\n<\/div><\/div><\/div><\/div><div class=\"wpb_column vc_column_container\"><div class=\"vc_column-inner\"><div class=\"w-image style_shadow-1 has_ratio align_none\"><div url class=\"w-image-h\"><div style=\"padding-bottom:56.25%\"><\/div><img loading=\"lazy\" decoding=\"async\" width=\"1024\" height=\"576\" src=\"https:\/\/www.sf-isolierung.de\/wp-content\/uploads\/2023\/07\/2016-12-14-12.12.00.jpg\" class=\"attachment-large size-large\" alt=\"\" srcset=\"https:\/\/www.sf-isolierung.de\/wp-content\/uploads\/2023\/07\/2016-12-14-12.12.00.jpg 1024w, https:\/\/www.sf-isolierung.de\/wp-content\/uploads\/2023\/07\/2016-12-14-12.12.00-300x169.jpg 300w\" sizes=\"auto, (max-width: 1024px) 100vw, 1024px\" \/><\/div><\/div><\/div><\/div><\/div><div class=\"g-cols wpb_row via_grid cols_2 laptops-cols_inherit tablets-cols_inherit mobiles-cols_1 valign_middle type_default reversed stacking_default\"><div class=\"wpb_column vc_column_container\"><div class=\"vc_column-inner\"><div class=\"w-image style_shadow-1 has_ratio align_none\"><div url class=\"w-image-h\"><div style=\"padding-bottom:56.25%\"><\/div><img loading=\"lazy\" decoding=\"async\" width=\"1024\" height=\"768\" src=\"https:\/\/www.sf-isolierung.de\/wp-content\/uploads\/2023\/07\/2014-10-16-16.23.59.webp\" class=\"attachment-large size-large\" alt=\"\" srcset=\"https:\/\/www.sf-isolierung.de\/wp-content\/uploads\/2023\/07\/2014-10-16-16.23.59.webp 1024w, https:\/\/www.sf-isolierung.de\/wp-content\/uploads\/2023\/07\/2014-10-16-16.23.59-300x225.webp 300w\" sizes=\"auto, (max-width: 1024px) 100vw, 1024px\" \/><\/div><\/div><\/div><\/div><div class=\"wpb_column vc_column_container\"><div class=\"vc_column-inner\"><div class=\"wpb_text_column us_custom_e9b51e5c has_text_color\"><div class=\"wpb_wrapper\"><p>Termoizolacja dach\u00f3w p\u0142askich, strop\u00f3w oraz pod\u0142\u00f3g. Do wykonania termoizolacji pod\u0142\u00f3g, dach\u00f3w p\u0142askich, strop\u00f3w p\u0142askich lub skos\u00f3w na poddaszach we\u0142n\u0119 mineraln\u0105 lub celuloz\u0119 wdmuchuje si\u0119 bezpo\u015brednio przez otw\u00f3r o \u015brednicy ok. 10 cm bez \u017cadnych szczelin.<\/p>\n<\/div><\/div><\/div><\/div><\/div><div class=\"g-cols wpb_row via_grid cols_2 laptops-cols_inherit tablets-cols_inherit mobiles-cols_1 valign_middle type_default stacking_default\"><div class=\"wpb_column vc_column_container\"><div class=\"vc_column-inner\"><div class=\"wpb_text_column us_custom_e9b51e5c has_text_color\"><div class=\"wpb_wrapper\"><p>Podczas termoizolacji metod\u0105 wdmuchiwania sypki materia\u0142 izolacyjny (granulat) podawany jest pod ci\u015bnieniem do izolowanych miejsc za pomoc\u0105 specjalnego agregatu i w\u0119\u017cy.<br \/>\nTermoizolacja metod\u0105 wdmuchiwania charakteryzuje si\u0119 tym, \u017ce du\u017ce ilo\u015bci materia\u0142u izolacyjnego mog\u0105 by\u0107 transportowane i przetwarzane szybko i bezpiecznie. Znajduje to r\u00f3wnie\u017c odzwierciedlenie w koszcie us\u0142ugi, kt\u00f3ry jest ni\u017cszy od ocieplania \u015bcian metod\u0105 tradycyjn\u0105.<\/p>\n<\/div><\/div><\/div><\/div><div class=\"wpb_column vc_column_container\"><div class=\"vc_column-inner\"><div class=\"w-image style_shadow-1 has_ratio align_none\"><div url class=\"w-image-h\"><div style=\"padding-bottom:56.25%\"><\/div><img loading=\"lazy\" decoding=\"async\" width=\"1024\" height=\"768\" src=\"https:\/\/www.sf-isolierung.de\/wp-content\/uploads\/2023\/07\/2015-06-18-11.25.41.jpg\" class=\"attachment-large size-large\" alt=\"\" srcset=\"https:\/\/www.sf-isolierung.de\/wp-content\/uploads\/2023\/07\/2015-06-18-11.25.41.jpg 1024w, https:\/\/www.sf-isolierung.de\/wp-content\/uploads\/2023\/07\/2015-06-18-11.25.41-300x225.jpg 300w\" sizes=\"auto, (max-width: 1024px) 100vw, 1024px\" \/><\/div><\/div><\/div><\/div><\/div><div class=\"w-separator size_small\"><\/div><div class=\"g-cols wpb_row us_custom_6df4bc3a has_text_color via_grid cols_1 laptops-cols_inherit tablets-cols_inherit mobiles-cols_1 valign_top type_default stacking_default\"><div class=\"wpb_column vc_column_container\"><div class=\"vc_column-inner\"><div class=\"wpb_text_column us_custom_eb849559\"><div class=\"wpb_wrapper\"><h3><strong>Poniewa\u017c ka\u017cdy dom jest inny, konieczne jest wykonanie wcze\u015bniejszych ogl\u0119dzin. Zainteresowanych prosimy o kontakt w celu um\u00f3wienia si\u0119 na ogl\u0119dziny.<\/strong><\/h3>\n<\/div><\/div><div class=\"w-separator size_small\"><\/div><div class=\"wpb_text_column\"><div class=\"wpb_wrapper\"><p>To wst\u0119pne badanie zwykle trwa nie d\u0142u\u017cej ni\u017c 1 godzin\u0119. Czasami konieczne jest wywiercenie otworu w \u015bcianie zewn\u0119trznej muru w celu zbadania przestrzeni mi\u0119dzy \u015bcianami za pomoc\u0105 kamery endoskopowej. Je\u015bli to konieczne i mo\u017cliwe, mierzymy temperatur\u0119 powierzchni oraz lokalizujemy s\u0142abe punkty w Twoim domu za pomoc\u0105 kamery termowizyjnej na podczerwie\u0144.<\/p>\n<p>Przez 20 lat dzia\u0142alno\u015bci w zakresie renowacji starych budynk\u00f3w uda\u0142o nam si\u0119 nawi\u0105za\u0107 r\u00f3wnie\u017c dobr\u0105 wsp\u00f3\u0142prac\u0119 z r\u00f3\u017cnymi producentami system\u00f3w ogrzewania i okien oraz doradcami finansowymi pomagaj\u0105cymi uzyska\u0107 \u015brodki na finansowanie Pa\u0144stwa inwestycji przez Bank KFW (instytucja kredytowa na odbudow\u0119). Zach\u0119camy do kontaktu z nami w przypadku jakichkolwiek pyta\u0144 w tej sprawie.<\/p>\n<\/div><\/div><\/div><\/div><\/div><div class=\"w-separator size_small\"><\/div><div class=\"g-cols wpb_row via_grid cols_1 laptops-cols_inherit tablets-cols_inherit mobiles-cols_1 valign_top type_default stacking_default\"><div class=\"wpb_column vc_column_container\"><div class=\"vc_column-inner\"><div class=\"w-image us_custom_33b9ee00 align_center\"><div url class=\"w-image-h\"><img loading=\"lazy\" decoding=\"async\" width=\"960\" height=\"540\" src=\"https:\/\/www.sf-isolierung.de\/wp-content\/uploads\/2023\/07\/565ec8ea-5568-45f1-b6cc-daeba7318a47.webp\" class=\"attachment-large size-large\" alt=\"\" srcset=\"https:\/\/www.sf-isolierung.de\/wp-content\/uploads\/2023\/07\/565ec8ea-5568-45f1-b6cc-daeba7318a47.webp 960w, https:\/\/www.sf-isolierung.de\/wp-content\/uploads\/2023\/07\/565ec8ea-5568-45f1-b6cc-daeba7318a47-300x169.webp 300w\" sizes=\"auto, (max-width: 960px) 100vw, 960px\" \/><\/div><\/div><\/div><\/div><\/div><\/div><\/div><\/div><\/div><\/section><section class=\"l-section wpb_row height_medium\"><div class=\"l-section-h i-cf\"><div class=\"g-cols vc_row via_grid cols_1 laptops-cols_inherit tablets-cols_inherit mobiles-cols_1 valign_top type_default stacking_default\"><div class=\"wpb_column vc_column_container\"><div class=\"vc_column-inner\"><div class=\"wpb_text_column us_custom_440ecc62 has_text_color\"><div class=\"wpb_wrapper\"><p>Wiele dom\u00f3w zbudowanych w latach 1900-1970 ma podw\u00f3jne \u015bciany murowane.<\/p>\n<p>Zewn\u0119trzna \u015bciana, zwykle elewacja klinkierowa, s\u0142u\u017cy do ochrony przed czynnikami atmosferycznymi.<\/p>\n<p>Kolejna warstwa to szczelina powietrzna o grubo\u015bci od 40 mm do 100 mm. Wewn\u0119trzna \u015bciana tworzy natomiast mur no\u015bny.<\/p>\n<\/div><\/div><\/div><\/div><\/div><\/div><\/section><section class=\"l-section wpb_row height_medium with_img\"><div class=\"l-section-img\" role=\"img\" data-img-width=\"2296\" data-img-height=\"1622\" style=\"background-image: url(https:\/\/www.sf-isolierung.de\/wp-content\/uploads\/2023\/07\/bg.webp);background-repeat: no-repeat;\"><\/div><div class=\"l-section-h i-cf\"><div class=\"g-cols vc_row via_grid cols_1 laptops-cols_inherit tablets-cols_inherit mobiles-cols_1 valign_top type_default stacking_default\"><div class=\"wpb_column vc_column_container\"><div class=\"vc_column-inner\"><h2 class=\"w-text us_custom_bbc5de9d has_text_color\"><span url class=\"w-text-h\"><span class=\"w-text-value\">Wady nieizolowanego muru dwuwarstwowego<\/span><\/span><\/h2><div class=\"wpb_text_column us_custom_d44d8758 has_text_color\"><div class=\"wpb_wrapper\"><p>Nieocieplony, dwuwarstwowy mur ma szereg wad.<\/p>\n<p>Z jednej strony nieocieplone \u015bciany powoduj\u0105 bardzo wysokie zu\u017cycie energii koniecznej do ogrzania budynku.<br \/>\nZ drugiej strony zimne \u015bciany pogarszaj\u0105 komfort mieszkania.<\/p>\n<p>Dodatkowo je\u015bli wilgo\u0107 osadza si\u0119 na \u015bcianach zewn\u0119trznych takiego budynku, mo\u017ce ona powodowa\u0107 powstawanie szkodliwej dla zdrowia ple\u015bni. Elewacja budynku mo\u017ce zosta\u0107 przez to uszkodzona.<\/p>\n<\/div><\/div><\/div><\/div><\/div><\/div><\/section><section class=\"l-section wpb_row height_medium\" id=\"o_nas\"><div class=\"l-section-h i-cf\"><div class=\"g-cols vc_row via_grid cols_1 laptops-cols_inherit tablets-cols_inherit mobiles-cols_1 valign_top type_default stacking_default\"><div class=\"wpb_column vc_column_container\"><div class=\"vc_column-inner\"><h2 class=\"w-text us_custom_4b7d2719 has_text_color\"><span url class=\"w-text-h\"><span class=\"w-text-value\">O nas<\/span><\/span><\/h2><div class=\"wpb_text_column us_custom_eb849559\"><div class=\"wpb_wrapper\"><p>Jeste\u015bmy certyfikowan\u0105 firm\u0105 izolacyjn\u0105 i dlatego jeste\u015bmy ekspertami w dziedzinie izolacji wdmuchiwanej!<\/p>\n<p>Trzymamy si\u0119 uzgodnionych sta\u0142ych cen &#8211; \u017cadnych \u201eje\u015bli\u201d i \u201eale\u201d! Zaizolowali\u015bmy ju\u017c kilkaset nieruchomo\u015bci w tr\u00f3jk\u0105cie \u0141aba\/Weser! Doradztwo, oferta, zam\u00f3wienie &#8211; wszytko bezpo\u015brednio na budowie, poniewa\u017c szef pracuje z nami!<\/p>\n<p><strong>Nasze do\u015bwiadczenie w zakresie termoizolacji &#8211; szczeg\u00f3lnie metod\u0105 wdmuchiwania &#8211; to ju\u017c 15 lat!<\/strong><\/p>\n<\/div><\/div><\/div><\/div><\/div><\/div><\/section>\n","protected":false},"excerpt":{"rendered":"SKUTECZNA TERMOIZOLACJA!Podnie\u015b warto\u015b\u0107 swojego domu.KONTAKTZakres dzia\u0142alno\u015bciZbyt wysokie koszty ogrzewania? Zimne \u015bciany wewn\u0119trzne? Rozw\u00f3j ple\u015bni na \u015bcianach? Nieprzyjemne przeci\u0105gi w domu? Szybkie nagrzewanie domu latem i szybkie wych\u0142adzanie zim\u0105? Znasz te problemy? Mamy dla Ciebie rozwi\u0105zanie! Termoizolacja metod\u0105 wdmuchiwania. Zalety izolacji rdzenia \/ izolacji \u015bcian szczelinowych (warstwowych)Termoizolacja metod\u0105 wdmuchiwania zauwa\u017calnie poprawia warunki \u017cycia. Wzrost komfortu mieszkania...","protected":false},"author":1,"featured_media":0,"parent":0,"menu_order":0,"comment_status":"closed","ping_status":"closed","template":"","meta":{"footnotes":""},"class_list":["post-134","page","type-page","status-publish","hentry"],"_links":{"self":[{"href":"https:\/\/www.sf-isolierung.de\/pl\/wp-json\/wp\/v2\/pages\/134","targetHints":{"allow":["GET"]}}],"collection":[{"href":"https:\/\/www.sf-isolierung.de\/pl\/wp-json\/wp\/v2\/pages"}],"about":[{"href":"https:\/\/www.sf-isolierung.de\/pl\/wp-json\/wp\/v2\/types\/page"}],"author":[{"embeddable":true,"href":"https:\/\/www.sf-isolierung.de\/pl\/wp-json\/wp\/v2\/users\/1"}],"replies":[{"embeddable":true,"href":"https:\/\/www.sf-isolierung.de\/pl\/wp-json\/wp\/v2\/comments?post=134"}],"version-history":[{"count":28,"href":"https:\/\/www.sf-isolierung.de\/pl\/wp-json\/wp\/v2\/pages\/134\/revisions"}],"predecessor-version":[{"id":230,"href":"https:\/\/www.sf-isolierung.de\/pl\/wp-json\/wp\/v2\/pages\/134\/revisions\/230"}],"wp:attachment":[{"href":"https:\/\/www.sf-isolierung.de\/pl\/wp-json\/wp\/v2\/media?parent=134"}],"curies":[{"name":"wp","href":"https:\/\/api.w.org\/{rel}","templated":true}]}}